{"id":1263,"date":"2024-06-10T08:39:26","date_gmt":"2024-06-10T08:39:26","guid":{"rendered":"https:\/\/champlat.com\/?post_type=product&#038;p=1263"},"modified":"2024-08-01T08:32:01","modified_gmt":"2024-08-01T08:32:01","slug":"flageolets-verts-au-naturel","status":"publish","type":"product","link":"https:\/\/champlat.com\/en\/produits-champlat-en-provence\/la-gamme-legumineuses-labellisation-biopartenaire\/flageolets-verts-au-naturel\/","title":{"rendered":"Natural green flageolet beans"},"content":{"rendered":"<p>[et_pb_section fb_built=\u00a0\u00bb1&Prime; admin_label=\u00a0\u00bbProduct\u00a0\u00bb _builder_version=\u00a0\u00bb4.25.1&Prime; _module_preset=\u00a0\u00bbdefault\u00a0\u00bb background_color=\u00a0\u00bbgcid-dc7481a9-d70d-4c29-b152-17b0ba30940e\u00a0\u00bb background_image=\u00a0\u00bbhttps:\/\/champlat.com\/wp-content\/uploads\/2024\/05\/fond-texture-simple-tissu-lisse-1.png\u00a0\u00bb background_repeat=\u00a0\u00bbrepeat-x\u00a0\u00bb custom_margin=\u00a0\u00bb-3%||||false|false\u00a0\u00bb locked=\u00a0\u00bboff\u00a0\u00bb collapsed=\u00a0\u00bbon\u00a0\u00bb global_colors_info=\u00a0\u00bb{%22gcid-dc7481a9-d70d-4c29-b152-17b0ba30940e%22:%91%22background_color%22%93}\u00a0\u00bb][et_pb_row column_structure=\u00a0\u00bb1_2,1_2&Prime; _builder_version=\u00a0\u00bb4.25.1&Prime; _module_preset=\u00a0\u00bbdefault\u00a0\u00bb background_size=\u00a0\u00bbinitial\u00a0\u00bb background_position=\u00a0\u00bbtop_left\u00a0\u00bb background_repeat=\u00a0\u00bbrepeat\u00a0\u00bb custom_margin=\u00a0\u00bb3%||||false|false\u00a0\u00bb custom_padding=\u00a0\u00bb2%||||false|false\u00a0\u00bb global_colors_info=\u00a0\u00bb{}\u00a0\u00bb][et_pb_column type=\u00a0\u00bb1_2&Prime; _builder_version=\u00a0\u00bb4.16&Prime; _module_preset=\u00a0\u00bbdefault\u00a0\u00bb custom_padding=\u00a0\u00bb|||\u00a0\u00bb global_colors_info=\u00a0\u00bb{}\u00a0\u00bb custom_padding__hover=\u00a0\u00bb|||\u00a0\u00bb][et_pb_wc_images sale_badge_color=\u00a0\u00bbgcid-e428b4a0-8f75-478b-bc91-d4c919946667&Prime; _builder_version=\u00a0\u00bb4.22.0&Prime; _module_preset=\u00a0\u00bbdefault\u00a0\u00bb sale_badge_font=\u00a0\u00bbInter|700||on|||||\u00a0\u00bb sale_badge_text_color=\u00a0\u00bbgcid-f0b81583-c55e-43e8-91ce-43dd9fe19dec\u00a0\u00bb sale_badge_font_size=\u00a0\u00bb14px\u00a0\u00bb global_colors_info=\u00a0\u00bb{%22gcid-e428b4a0-8f75-478b-bc91-d4c919946667%22:%91%22price_text_color%22,%22sale_badge_color%22,%22rating_text_color%22,%22icon_hover_color%22,%22price_text_color%22,%22sale_badge_color%22,%22rating_text_color%22,%22icon_hover_color%22,%22rating_text_color%22%93,%22gcid-f0b81583-c55e-43e8-91ce-43dd9fe19dec%22:%91%22sale_badge_text_color%22,%22sale_badge_text_color%22%93,%22gcid-9d0cae7c-074f-4d45-9577-f64cb1aa2c6b%22:%91%22title_text_color%22,%22product_title_text_color%22%93,%22gcid-39c39fce-5264-4a4c-9266-982a8a79f610%22:%91%22price_text_color%22%93}\u00a0\u00bb][\/et_pb_wc_images][\/et_pb_column][et_pb_column type=\u00a0\u00bb1_2&Prime; _builder_version=\u00a0\u00bb4.16&Prime; _module_preset=\u00a0\u00bbdefault\u00a0\u00bb custom_padding=\u00a0\u00bb|||\u00a0\u00bb global_colors_info=\u00a0\u00bb{}\u00a0\u00bb custom_padding__hover=\u00a0\u00bb|||\u00a0\u00bb][et_pb_wc_breadcrumb _builder_version=\u00a0\u00bb4.25.1&Prime; _module_preset=\u00a0\u00bbdefault\u00a0\u00bb body_font=\u00a0\u00bbPoppins|700||on|||||\u00a0\u00bb body_text_color=\u00a0\u00bb#980321&Prime; body_font_size=\u00a0\u00bb14px\u00a0\u00bb body_letter_spacing=\u00a0\u00bb1px\u00a0\u00bb global_colors_info=\u00a0\u00bb{}\u00a0\u00bb][\/et_pb_wc_breadcrumb][et_pb_wc_title _builder_version=\u00a0\u00bb4.25.1&Prime; _module_preset=\u00a0\u00bbdefault\u00a0\u00bb header_font=\u00a0\u00bbDancing script bold|700|||||||\u00a0\u00bb header_text_color=\u00a0\u00bb#980321&Prime; header_font_size=\u00a0\u00bb52px\u00a0\u00bb header_line_height=\u00a0\u00bb1.2em\u00a0\u00bb header_font_size_tablet=\u00a0\u00bb40px\u00a0\u00bb header_font_size_phone=\u00a0\u00bb24px\u00a0\u00bb header_font_size_last_edited=\u00a0\u00bbon|desktop\u00a0\u00bb global_colors_info=\u00a0\u00bb{}\u00a0\u00bb][\/et_pb_wc_title][et_pb_wc_description _builder_version=\u00a0\u00bb4.25.1&Prime; _module_preset=\u00a0\u00bbdefault\u00a0\u00bb body_text_color=\u00a0\u00bb#000000&Prime; body_line_height=\u00a0\u00bb1.6em\u00a0\u00bb global_colors_info=\u00a0\u00bb{}\u00a0\u00bb][\/et_pb_wc_description][et_pb_wc_price _builder_version=\u00a0\u00bb4.22.0&Prime; _module_preset=\u00a0\u00bbdefault\u00a0\u00bb body_font=\u00a0\u00bbPoppins|600|||||||\u00a0\u00bb body_text_color=\u00a0\u00bbgcid-9d0cae7c-074f-4d45-9577-f64cb1aa2c6b\u00a0\u00bb body_font_size=\u00a0\u00bb32px\u00a0\u00bb body_line_height=\u00a0\u00bb1.4em\u00a0\u00bb before_sale_price_text_color=\u00a0\u00bbgcid-39c39fce-5264-4a4c-9266-982a8a79f610&Prime; body_font_size_tablet=\u00a0\u00bb32px\u00a0\u00bb body_font_size_phone=\u00a0\u00bb24px\u00a0\u00bb body_font_size_last_edited=\u00a0\u00bbon|desktop\u00a0\u00bb global_colors_info=\u00a0\u00bb{%22gcid-9d0cae7c-074f-4d45-9577-f64cb1aa2c6b%22:%91%22body_text_color%22%93,%22gcid-39c39fce-5264-4a4c-9266-982a8a79f610%22:%91%22before_sale_price_text_color%22%93}\u00a0\u00bb][\/et_pb_wc_price][et_pb_wc_add_to_cart _builder_version=\u00a0\u00bb4.22.0&Prime; _module_preset=\u00a0\u00bbdefault\u00a0\u00bb fields_background_color=\u00a0\u00bbRGBA(255,255,255,0)\u00a0\u00bb fields_text_color=\u00a0\u00bbgcid-f0b81583-c55e-43e8-91ce-43dd9fe19dec\u00a0\u00bb fields_custom_padding=\u00a0\u00bb16px|24px|16px|24px|true|true\u00a0\u00bb dropdown_menus_background_color=\u00a0\u00bbRGBA(255,255,255,0)\u00a0\u00bb dropdown_menus_text_color=\u00a0\u00bbgcid-f0b81583-c55e-43e8-91ce-43dd9fe19dec\u00a0\u00bb field_label_font=\u00a0\u00bbPoppins|700|||||||\u00a0\u00bb field_label_text_color=\u00a0\u00bbgcid-9d0cae7c-074f-4d45-9577-f64cb1aa2c6b\u00a0\u00bb field_label_font_size=\u00a0\u00bb16px\u00a0\u00bb fields_font=\u00a0\u00bbInter|700||on|||||\u00a0\u00bb fields_letter_spacing=\u00a0\u00bb0.16em\u00a0\u00bb custom_button=\u00a0\u00bbon\u00a0\u00bb button_text_size=\u00a0\u00bb14px\u00a0\u00bb button_text_color=\u00a0\u00bb#FFFFFF\u00a0\u00bb button_bg_color=\u00a0\u00bbgcid-e428b4a0-8f75-478b-bc91-d4c919946667&Prime; button_border_width=\u00a0\u00bb0px\u00a0\u00bb button_border_radius=\u00a0\u00bb0px\u00a0\u00bb button_letter_spacing=\u00a0\u00bb0.15em\u00a0\u00bb button_font=\u00a0\u00bbInter|700||on|||||\u00a0\u00bb button_custom_padding=\u00a0\u00bb16px|24px|16px|24px|true|true\u00a0\u00bb field_label_font_size_tablet=\u00a0\u00bb15px\u00a0\u00bb field_label_font_size_phone=\u00a0\u00bb14px\u00a0\u00bb field_label_font_size_last_edited=\u00a0\u00bbon|desktop\u00a0\u00bb border_radii_fields=\u00a0\u00bbon|0px|0px|0px|0px\u00a0\u00bb border_width_all_fields=\u00a0\u00bb2px\u00a0\u00bb border_color_all_fields=\u00a0\u00bbgcid-f0b81583-c55e-43e8-91ce-43dd9fe19dec\u00a0\u00bb border_width_all_dropdown_menus=\u00a0\u00bb2px\u00a0\u00bb border_color_all_dropdown_menus=\u00a0\u00bbgcid-f0b81583-c55e-43e8-91ce-43dd9fe19dec\u00a0\u00bb global_colors_info=\u00a0\u00bb{%22gcid-93e3f830-9462-456c-bf95-d424ca32e812%22:%91%22form_field_text_color%22,%22border_color_all%22,%22form_field_text_color%22,%22border_color_all%22%93,%22gcid-e428b4a0-8f75-478b-bc91-d4c919946667%22:%91%22button_bg_color%22,%22title_link_text_color%22,%22link_text_color%22,%22error_text_color%22,%22button_bg_color%22,%22title_link_text_color%22,%22link_text_color%22,%22error_text_color%22%93,%22gcid-f0b81583-c55e-43e8-91ce-43dd9fe19dec%22:%91%22background_color%22,%22border_color_all_form_field%22,%22fields_text_color%22,%22border_color_all_fields%22,%22dropdown_menus_text_color%22,%22border_color_all_dropdown_menus%22%93,%22gcid-39c39fce-5264-4a4c-9266-982a8a79f610%22:%91%22content_text_color%22,%22content_text_color%22%93,%22gcid-9d0cae7c-074f-4d45-9577-f64cb1aa2c6b%22:%91%22field_label_text_color%22%93}\u00a0\u00bb][\/et_pb_wc_add_to_cart][\/et_pb_column][\/et_pb_row][et_pb_row _builder_version=\u00a0\u00bb4.21.0&Prime; _module_preset=\u00a0\u00bbdefault\u00a0\u00bb global_colors_info=\u00a0\u00bb{}\u00a0\u00bb][et_pb_column type=\u00a0\u00bb4_4&Prime; _builder_version=\u00a0\u00bb4.21.0&Prime; _module_preset=\u00a0\u00bbdefault\u00a0\u00bb global_colors_info=\u00a0\u00bb{}\u00a0\u00bb][et_pb_text _builder_version=\u00a0\u00bb4.25.1&Prime; _module_preset=\u00a0\u00bb94118e7e-03e2-4859-a0b1-8b692c229df8&Prime; text_font=\u00a0\u00bb|||on|||||\u00a0\u00bb header_3_font=\u00a0\u00bbPoppins|700||on|||||\u00a0\u00bb header_3_text_color=\u00a0\u00bbgcid-9d0cae7c-074f-4d45-9577-f64cb1aa2c6b\u00a0\u00bb custom_margin=\u00a0\u00bb||10px||false|false\u00a0\u00bb global_colors_info=\u00a0\u00bb{%22gcid-9d0cae7c-074f-4d45-9577-f64cb1aa2c6b%22:%91%22header_3_text_color%22%93}\u00a0\u00bb]<\/p>\n<h3>ADDITIONAL INFORMATION<\/h3>\n<p>[\/et_pb_text][et_pb_wc_description description_type=\u00a0\u00bbdescription\u00a0\u00bb _builder_version=\u00a0\u00bb4.25.1&Prime; _module_preset=\u00a0\u00bbdefault\u00a0\u00bb body_text_color=\u00a0\u00bb#000000&Prime; body_line_height=\u00a0\u00bb1.6em\u00a0\u00bb locked=\u00a0\u00bboff\u00a0\u00bb global_colors_info=\u00a0\u00bb{}\u00a0\u00bb][\/et_pb_wc_description][et_pb_text _builder_version=\u00a0\u00bb4.25.1&Prime; _module_preset=\u00a0\u00bbdefault\u00a0\u00bb text_font=\u00a0\u00bb|600|on||||||\u00a0\u00bb global_colors_info=\u00a0\u00bb{}\u00a0\u00bb]Le saviez-vous ? Nos tomates Bio de Provence sont cultiv\u00e9es en pleine terre, en saison et \u00e0 moins de 100 km de notre conserverie. Des tomates bonnes pour vous et pour la plan\u00e8te ![\/et_pb_text][\/et_pb_column][\/et_pb_row][\/et_pb_section]<\/p>","protected":false},"excerpt":{"rendered":"<p>French green flageolet beans*\u00b0, water, Camargue sea salt<br \/>\n*Ingredient from organic farming<\/p>\n<p>\u00b0100% of the agricultural ingredients are fair trade according to FiABLE. For more information, visit www.BIOPARTENAIRE.com.<\/p>\n<p>&nbsp;<\/p>","protected":false},"featured_media":1200,"template":"","meta":{"_et_pb_use_builder":"on","_et_pb_old_content":"VALEURS NUTRITIONNELLES POUR 100 G :\r\n\r\nValeurs \u00e9nerg\u00e9tiques 448 kJ \/ 106 kcal ; Mati\u00e8res grasses 0,9g dont acides gras satur\u00e9s 0.5g ; Glucides 11g dont sucres 0g ; Prot\u00e9ines 6g ; Fibres 7g ; Sel 0,38g\r\n\r\nALLERG\u00c8NES :\r\n\r\nTraces possibles de soja\r\n\r\n<em>Apr\u00e8s ouverture, conserver au r\u00e9frig\u00e9rateur et \u00e0 consommer dans les 3 jours.<\/em>\r\n\r\n280g - EAN13 : 3493832040387\r\n\r\n520g - EAN13 : 3493832040721\r\n\r\n&nbsp;\r\n\r\n&nbsp;","_et_gb_content_width":"","inline_featured_image":false},"product_brand":[],"product_cat":[26],"product_tag":[],"class_list":{"0":"post-1263","1":"product","2":"type-product","3":"status-publish","4":"has-post-thumbnail","6":"product_cat-la-gamme-legumineuses-labellisation-biopartenaire","8":"first","9":"instock","10":"shipping-taxable","11":"product-type-simple"},"_links":{"self":[{"href":"https:\/\/champlat.com\/en\/wp-json\/wp\/v2\/product\/1263","targetHints":{"allow":["GET"]}}],"collection":[{"href":"https:\/\/champlat.com\/en\/wp-json\/wp\/v2\/product"}],"about":[{"href":"https:\/\/champlat.com\/en\/wp-json\/wp\/v2\/types\/product"}],"wp:featuredmedia":[{"embeddable":true,"href":"https:\/\/champlat.com\/en\/wp-json\/wp\/v2\/media\/1200"}],"wp:attachment":[{"href":"https:\/\/champlat.com\/en\/wp-json\/wp\/v2\/media?parent=1263"}],"wp:term":[{"taxonomy":"product_brand","embeddable":true,"href":"https:\/\/champlat.com\/en\/wp-json\/wp\/v2\/product_brand?post=1263"},{"taxonomy":"product_cat","embeddable":true,"href":"https:\/\/champlat.com\/en\/wp-json\/wp\/v2\/product_cat?post=1263"},{"taxonomy":"product_tag","embeddable":true,"href":"https:\/\/champlat.com\/en\/wp-json\/wp\/v2\/product_tag?post=1263"}],"curies":[{"name":"wp","href":"https:\/\/api.w.org\/{rel}","templated":true}]}}