{"id":1547,"date":"2024-08-01T09:02:03","date_gmt":"2024-08-01T09:02:03","guid":{"rendered":"https:\/\/champlat.com\/?post_type=product&#038;p=1547"},"modified":"2024-08-01T09:02:04","modified_gmt":"2024-08-01T09:02:04","slug":"sauce-tomate-provencale","status":"publish","type":"product","link":"https:\/\/champlat.com\/en\/produits-champlat-en-provence\/rhd\/sauce-tomate-provencale\/","title":{"rendered":"Proven\u00e7al tomato sauce"},"content":{"rendered":"<p><strong>Proven\u00e7al sauce with Proven\u00e7al tomatoes \u2013 No added sugars (89% Biopartenaire France).\u00a0<\/strong><\/p>\n<p style=\"text-align: left;\">INGREDIENTS: Traditional tomato sauce, Field-grown Proven\u00e7al tomatoes*\u00b0, Gu\u00e9rande salt<br \/>\n*Ingredient from organic farming \u00b0100% of the agricultural ingredients are fair trade according to FiABLE.<\/p>\n<p style=\"text-align: left;\">More informations on  www.BIOPARTENAIRE.com<\/p>","protected":false},"excerpt":{"rendered":"<p>NUTRITIONAL VALUES PER 100 G:<\/p>\n<p>Energy values 106 kJ \/ 25 kcal; Fat 0.2g of which saturated fat 0.1g; Carbohydrates 4.2g of which sugars 3.3g; Fiber 0.5g; Protein 1.1g; Salt 0.44g.<\/p>\n<p>4000g &#8211; EAN13 : 3493831020403<\/p>","protected":false},"featured_media":1545,"template":"","meta":{"_et_pb_use_builder":"","_et_pb_old_content":"","_et_gb_content_width":"","inline_featured_image":false},"product_brand":[],"product_cat":[98],"product_tag":[],"class_list":{"0":"post-1547","1":"product","2":"type-product","3":"status-publish","4":"has-post-thumbnail","6":"product_cat-rhd","8":"first","9":"instock","10":"shipping-taxable","11":"product-type-simple"},"_links":{"self":[{"href":"https:\/\/champlat.com\/en\/wp-json\/wp\/v2\/product\/1547","targetHints":{"allow":["GET"]}}],"collection":[{"href":"https:\/\/champlat.com\/en\/wp-json\/wp\/v2\/product"}],"about":[{"href":"https:\/\/champlat.com\/en\/wp-json\/wp\/v2\/types\/product"}],"wp:featuredmedia":[{"embeddable":true,"href":"https:\/\/champlat.com\/en\/wp-json\/wp\/v2\/media\/1545"}],"wp:attachment":[{"href":"https:\/\/champlat.com\/en\/wp-json\/wp\/v2\/media?parent=1547"}],"wp:term":[{"taxonomy":"product_brand","embeddable":true,"href":"https:\/\/champlat.com\/en\/wp-json\/wp\/v2\/product_brand?post=1547"},{"taxonomy":"product_cat","embeddable":true,"href":"https:\/\/champlat.com\/en\/wp-json\/wp\/v2\/product_cat?post=1547"},{"taxonomy":"product_tag","embeddable":true,"href":"https:\/\/champlat.com\/en\/wp-json\/wp\/v2\/product_tag?post=1547"}],"curies":[{"name":"wp","href":"https:\/\/api.w.org\/{rel}","templated":true}]}}